{"id":8,"date":"2023-03-16T17:19:29","date_gmt":"2023-03-16T16:19:29","guid":{"rendered":"https:\/\/lacompagniedumochi.com\/?page_id=8"},"modified":"2026-03-23T13:56:32","modified_gmt":"2026-03-23T12:56:32","slug":"accueil","status":"publish","type":"page","link":"https:\/\/lacompagniedumochi.com\/en\/","title":{"rendered":"HOME"},"content":{"rendered":"<p>[et_pb_section fb_built=\u00a0\u00bb1&Prime; fullwidth=\u00a0\u00bbon\u00a0\u00bb admin_label=\u00a0\u00bbSection\u00a0\u00bb module_class=\u00a0\u00bbbg_video\u00a0\u00bb _builder_version=\u00a0\u00bb4.21.0&Prime; _module_preset=\u00a0\u00bbdefault\u00a0\u00bb background_enable_image=\u00a0\u00bboff\u00a0\u00bb background_enable_video_mp4=\u00a0\u00bboff\u00a0\u00bb background_enable_video_webm=\u00a0\u00bboff\u00a0\u00bb custom_css_main_element=\u00a0\u00bb-webkit-background-size: cover;||-moz-background-size: cover;||-o-background-size: cover;||background-size: cover;\u00a0\u00bb global_colors_info=\u00a0\u00bb{}\u00a0\u00bb][et_pb_fullwidth_header text_orientation=\u00a0\u00bbcenter\u00a0\u00bb header_fullscreen=\u00a0\u00bbon\u00a0\u00bb header_scroll_down=\u00a0\u00bbon\u00a0\u00bb scroll_down_icon_size=\u00a0\u00bb25px\u00a0\u00bb admin_label=\u00a0\u00bbEn-t\u00eate plein \u00e9cran\u00a0\u00bb _builder_version=\u00a0\u00bb4.27.0&Prime; _module_preset=\u00a0\u00bbdefault\u00a0\u00bb background_enable_color=\u00a0\u00bboff\u00a0\u00bb background_enable_image=\u00a0\u00bboff\u00a0\u00bb background_video_mp4=\u00a0\u00bbhttps:\/\/lacompagniedumochi.com\/wp-content\/uploads\/2024\/09\/Rendu1paysage.mp4&Prime; custom_padding=\u00a0\u00bb||0px|||\u00a0\u00bb custom_css_main_element=\u00a0\u00bb-webkit-background-size: cover;||-moz-background-size: cover;||-o-background-size: cover;||background-size: cover;\u00a0\u00bb global_colors_info=\u00a0\u00bb{}\u00a0\u00bb][\/et_pb_fullwidth_header][\/et_pb_section][et_pb_section fb_built=\u00a0\u00bb1&Prime; _builder_version=\u00a0\u00bb4.21.0&Prime; _module_preset=\u00a0\u00bbdefault\u00a0\u00bb background_color=\u00a0\u00bb#fbfbfb\u00a0\u00bb custom_padding=\u00a0\u00bb40px||40px|||\u00a0\u00bb global_colors_info=\u00a0\u00bb{}\u00a0\u00bb][et_pb_row column_structure=\u00a0\u00bb3_4,1_4&Prime; _builder_version=\u00a0\u00bb4.21.0&Prime; _module_preset=\u00a0\u00bbdefault\u00a0\u00bb background_enable_color=\u00a0\u00bboff\u00a0\u00bb background_image=\u00a0\u00bbhttps:\/\/lacompagniedumochi.com\/wp-content\/uploads\/2023\/03\/LCDM-JANV23-6-1-scaled.jpg\u00a0\u00bb background_size=\u00a0\u00bbcontain\u00a0\u00bb background_position=\u00a0\u00bbcenter_right\u00a0\u00bb background_horizontal_offset=\u00a0\u00bb0%\u00a0\u00bb width=\u00a0\u00bb100%\u00a0\u00bb max_width=\u00a0\u00bb100%\u00a0\u00bb background_last_edited=\u00a0\u00bbon|phone\u00a0\u00bb background_enable_image_tablet=\u00a0\u00bboff\u00a0\u00bb global_colors_info=\u00a0\u00bb{}\u00a0\u00bb][et_pb_column type=\u00a0\u00bb3_4&Prime; _builder_version=\u00a0\u00bb4.21.0&Prime; _module_preset=\u00a0\u00bbdefault\u00a0\u00bb global_colors_info=\u00a0\u00bb{}\u00a0\u00bb][et_pb_text _builder_version=\u00a0\u00bb4.21.0&Prime; _module_preset=\u00a0\u00bbdefault\u00a0\u00bb header_font=\u00a0\u00bbAvenir Black||||||||\u00a0\u00bb custom_margin=\u00a0\u00bb|255px|||false|false\u00a0\u00bb custom_margin_tablet=\u00a0\u00bb|350px|||false|false\u00a0\u00bb custom_margin_phone=\u00a0\u00bb|0px|||false|false\u00a0\u00bb custom_margin_last_edited=\u00a0\u00bbon|phone\u00a0\u00bb custom_padding=\u00a0\u00bb|0px||20px|false|false\u00a0\u00bb global_colors_info=\u00a0\u00bb{}\u00a0\u00bb]<\/p>\n<h1 style=\"text-align: center;\">DERNIERES ACTUALIT\u00c9S<\/h1>\n<p>[\/et_pb_text][et_pb_blog posts_number=\u00a0\u00bb1&Prime; show_thumbnail=\u00a0\u00bboff\u00a0\u00bb excerpt_length=\u00a0\u00bb300&Prime; show_more=\u00a0\u00bbon\u00a0\u00bb show_author=\u00a0\u00bboff\u00a0\u00bb show_categories=\u00a0\u00bboff\u00a0\u00bb show_pagination=\u00a0\u00bboff\u00a0\u00bb _builder_version=\u00a0\u00bb4.21.0&Prime; _module_preset=\u00a0\u00bbdefault\u00a0\u00bb header_font=\u00a0\u00bbAvenir Roman||||||||\u00a0\u00bb body_font=\u00a0\u00bbAvenir||||||||\u00a0\u00bb meta_font=\u00a0\u00bbAvenir||||||||\u00a0\u00bb meta_font_size=\u00a0\u00bb13px\u00a0\u00bb read_more_font=\u00a0\u00bbAvenir|||on|||||\u00a0\u00bb read_more_text_color=\u00a0\u00bb#000000&Prime; read_more_letter_spacing=\u00a0\u00bb2px\u00a0\u00bb read_more_line_height=\u00a0\u00bb3.6em\u00a0\u00bb width=\u00a0\u00bb60%\u00a0\u00bb module_alignment=\u00a0\u00bbcenter\u00a0\u00bb custom_margin=\u00a0\u00bb||||false|false\u00a0\u00bb custom_margin_tablet=\u00a0\u00bb||||false|false\u00a0\u00bb custom_margin_phone=\u00a0\u00bb||||false|false\u00a0\u00bb custom_margin_last_edited=\u00a0\u00bbon|phone\u00a0\u00bb custom_padding=\u00a0\u00bb|||20px|false|false\u00a0\u00bb custom_css_main_element=\u00a0\u00bb.entry-title {||  margin-top : 10px;||}\u00a0\u00bb global_colors_info=\u00a0\u00bb{}\u00a0\u00bb][\/et_pb_blog][et_pb_button button_url=\u00a0\u00bbhttps:\/\/lacompagniedumochi.com\/fr_fr\/blog\/\u00a0\u00bb button_text=\u00a0\u00bbTOUS NOS ARTICLES\u00a0\u00bb button_alignment=\u00a0\u00bbcenter\u00a0\u00bb _builder_version=\u00a0\u00bb4.21.0&Prime; _module_preset=\u00a0\u00bbdefault\u00a0\u00bb custom_button=\u00a0\u00bbon\u00a0\u00bb button_text_size=\u00a0\u00bb15px\u00a0\u00bb button_text_color=\u00a0\u00bb#000000&Prime; button_bg_color=\u00a0\u00bb#FFFFFF\u00a0\u00bb button_border_width=\u00a0\u00bb1px\u00a0\u00bb button_border_radius=\u00a0\u00bb0px\u00a0\u00bb button_font=\u00a0\u00bbAvenir Roman||||||||\u00a0\u00bb button_use_icon=\u00a0\u00bboff\u00a0\u00bb global_colors_info=\u00a0\u00bb{}\u00a0\u00bb button_text_color__hover_enabled=\u00a0\u00bbon|desktop\u00a0\u00bb button_text_color__hover=\u00a0\u00bb#000000&Prime; button_bg_color__hover_enabled=\u00a0\u00bbon|hover\u00a0\u00bb button_bg_color__hover=\u00a0\u00bb#FFFFFF\u00a0\u00bb button_bg_enable_color__hover=\u00a0\u00bbon\u00a0\u00bb][\/et_pb_button][\/et_pb_column][et_pb_column type=\u00a0\u00bb1_4&Prime; _builder_version=\u00a0\u00bb4.21.0&Prime; _module_preset=\u00a0\u00bbdefault\u00a0\u00bb background_enable_image=\u00a0\u00bboff\u00a0\u00bb global_colors_info=\u00a0\u00bb{}\u00a0\u00bb][\/et_pb_column][\/et_pb_row][\/et_pb_section][et_pb_section fb_built=\u00a0\u00bb1&Prime; _builder_version=\u00a0\u00bb4.21.0&Prime; _module_preset=\u00a0\u00bbdefault\u00a0\u00bb background_color=\u00a0\u00bb#fbfbfb\u00a0\u00bb background_enable_image=\u00a0\u00bboff\u00a0\u00bb background_size=\u00a0\u00bbcontain\u00a0\u00bb background_position=\u00a0\u00bbcenter_left\u00a0\u00bb background_horizontal_offset=\u00a0\u00bb-2%\u00a0\u00bb min_height=\u00a0\u00bb666.4px\u00a0\u00bb custom_padding=\u00a0\u00bb1px||4px|||\u00a0\u00bb global_colors_info=\u00a0\u00bb{}\u00a0\u00bb][et_pb_row column_structure=\u00a0\u00bb3_5,2_5&Prime; _builder_version=\u00a0\u00bb4.21.0&Prime; _module_preset=\u00a0\u00bbdefault\u00a0\u00bb width=\u00a0\u00bb100%\u00a0\u00bb max_width=\u00a0\u00bb100%\u00a0\u00bb custom_padding=\u00a0\u00bb0px||3px|||\u00a0\u00bb global_colors_info=\u00a0\u00bb{}\u00a0\u00bb][et_pb_column type=\u00a0\u00bb3_5&Prime; _builder_version=\u00a0\u00bb4.21.0&Prime; _module_preset=\u00a0\u00bbdefault\u00a0\u00bb global_colors_info=\u00a0\u00bb{}\u00a0\u00bb][et_pb_image src=\u00a0\u00bbhttps:\/\/lacompagniedumochi.com\/wp-content\/uploads\/2023\/12\/Mainmochi1-1.webp\u00a0\u00bb alt=\u00a0\u00bbMochi glac\u00e9 d\u00e9gustation\u00a0\u00bb title_text=\u00a0\u00bbMainmochi1&Prime; show_bottom_space=\u00a0\u00bboff\u00a0\u00bb _builder_version=\u00a0\u00bb4.23.1&Prime; _module_preset=\u00a0\u00bbdefault\u00a0\u00bb custom_padding=\u00a0\u00bb||0px|||\u00a0\u00bb animation_style=\u00a0\u00bbslide\u00a0\u00bb animation_direction=\u00a0\u00bbleft\u00a0\u00bb animation_delay=\u00a0\u00bb100ms\u00a0\u00bb global_colors_info=\u00a0\u00bb{}\u00a0\u00bb][\/et_pb_image][\/et_pb_column][et_pb_column type=\u00a0\u00bb2_5&Prime; _builder_version=\u00a0\u00bb4.21.0&Prime; _module_preset=\u00a0\u00bbdefault\u00a0\u00bb global_colors_info=\u00a0\u00bb{}\u00a0\u00bb][et_pb_text _builder_version=\u00a0\u00bb4.21.0&Prime; _module_preset=\u00a0\u00bbdefault\u00a0\u00bb header_font=\u00a0\u00bbAvenir Roman||||||||\u00a0\u00bb header_2_font=\u00a0\u00bbAvenir||||||||\u00a0\u00bb header_2_font_size=\u00a0\u00bb18px\u00a0\u00bb custom_margin=\u00a0\u00bb220px||||false|false\u00a0\u00bb custom_margin_tablet=\u00a0\u00bb|||100px|false|false\u00a0\u00bb custom_margin_phone=\u00a0\u00bb50px|||25px|false|false\u00a0\u00bb custom_margin_last_edited=\u00a0\u00bbon|tablet\u00a0\u00bb custom_padding=\u00a0\u00bb|||||false\u00a0\u00bb global_colors_info=\u00a0\u00bb{}\u00a0\u00bb]<\/p>\n<h1>La Compagnie du Mochi<\/h1>\n<h2>L&rsquo;envie d&rsquo;y revenir<\/h2>\n<p>[\/et_pb_text][et_pb_text _builder_version=\u00a0\u00bb4.21.0&Prime; _module_preset=\u00a0\u00bbdefault\u00a0\u00bb text_font=\u00a0\u00bbAvenir||||||||\u00a0\u00bb custom_margin=\u00a0\u00bb-30px||||false|false\u00a0\u00bb custom_padding=\u00a0\u00bb|150px||0px|false|false\u00a0\u00bb custom_padding_tablet=\u00a0\u00bb|150px||100px|false|false\u00a0\u00bb custom_padding_phone=\u00a0\u00bb|26px||26px|false|true\u00a0\u00bb custom_padding_last_edited=\u00a0\u00bbon|phone\u00a0\u00bb text_orientation_tablet=\u00a0\u00bbleft\u00a0\u00bb text_orientation_phone=\u00a0\u00bbleft\u00a0\u00bb text_orientation_last_edited=\u00a0\u00bbon|desktop\u00a0\u00bb module_alignment_phone=\u00a0\u00bbcenter\u00a0\u00bb module_alignment_last_edited=\u00a0\u00bboff|desktop\u00a0\u00bb global_colors_info=\u00a0\u00bb{}\u00a0\u00bb]<\/p>\n<p>Made in France, le groupe cr\u00e9e la marque LCDM en 2020. Initialement inspir\u00e9 du voyage, mais aussi d\u2019une passion commune pour la gastronomie japonaise, La Compagnie du Mochi refl\u00e8te l\u2019idylle en bouche.<\/p>\n<p>[\/et_pb_text][\/et_pb_column][\/et_pb_row][et_pb_row column_structure=\u00a0\u00bb2_5,3_5&Prime; _builder_version=\u00a0\u00bb4.21.0&Prime; _module_preset=\u00a0\u00bbdefault\u00a0\u00bb width=\u00a0\u00bb100%\u00a0\u00bb max_width=\u00a0\u00bb100%\u00a0\u00bb custom_padding=\u00a0\u00bb0px|||||\u00a0\u00bb global_colors_info=\u00a0\u00bb{}\u00a0\u00bb][et_pb_column type=\u00a0\u00bb2_5&Prime; _builder_version=\u00a0\u00bb4.21.0&Prime; _module_preset=\u00a0\u00bbdefault\u00a0\u00bb global_colors_info=\u00a0\u00bb{}\u00a0\u00bb][et_pb_text _builder_version=\u00a0\u00bb4.21.0&Prime; _module_preset=\u00a0\u00bbdefault\u00a0\u00bb text_font=\u00a0\u00bbAvenir||||||||\u00a0\u00bb custom_margin=\u00a0\u00bb140px|||75px|false|false\u00a0\u00bb custom_margin_tablet=\u00a0\u00bb86px||||false|false\u00a0\u00bb custom_margin_phone=\u00a0\u00bb30px|||24px|false|false\u00a0\u00bb custom_margin_last_edited=\u00a0\u00bbon|tablet\u00a0\u00bb custom_padding=\u00a0\u00bb|0px||||\u00a0\u00bb custom_padding_tablet=\u00a0\u00bb\u00a0\u00bb custom_padding_phone=\u00a0\u00bb|30px|||false|false\u00a0\u00bb custom_padding_last_edited=\u00a0\u00bbon|desktop\u00a0\u00bb global_colors_info=\u00a0\u00bb{}\u00a0\u00bb]<\/p>\n<p>Lorsque les premi\u00e8res gammes de mochis sortent sur le march\u00e9, les cr\u00e9ateurs souhaitent transmettre leur amour pour cette gastronomie. Pari tenu.<\/p>\n<p>Des mochis sublim\u00e9s, avec une p\u00e2te d\u00e9licatement sucr\u00e9e et une glace 100% faite maison.<\/p>\n<p>[\/et_pb_text][et_pb_button button_url=\u00a0\u00bbhttps:\/\/lacompagniedumochi.com\/qui-sommes-nous\/\u00a0\u00bb button_text=\u00a0\u00bbEN SAVOIR PLUS\u00a0\u00bb _builder_version=\u00a0\u00bb4.21.0&Prime; _module_preset=\u00a0\u00bbdefault\u00a0\u00bb custom_button=\u00a0\u00bbon\u00a0\u00bb button_text_color=\u00a0\u00bb#000000&Prime; button_bg_color=\u00a0\u00bb#FFFFFF\u00a0\u00bb button_border_width=\u00a0\u00bb2px\u00a0\u00bb button_border_color=\u00a0\u00bb#707070&Prime; button_border_radius=\u00a0\u00bb0px\u00a0\u00bb button_font=\u00a0\u00bbAvenir||||||||\u00a0\u00bb custom_margin=\u00a0\u00bb|||70px|false|false\u00a0\u00bb global_colors_info=\u00a0\u00bb{}\u00a0\u00bb button_text_color__hover_enabled=\u00a0\u00bbon|hover\u00a0\u00bb button_text_color__hover=\u00a0\u00bb#000000&Prime; button_bg_color__hover_enabled=\u00a0\u00bbon|hover\u00a0\u00bb button_bg_color__hover=\u00a0\u00bb#FFFFFF\u00a0\u00bb button_bg_enable_color__hover=\u00a0\u00bbon\u00a0\u00bb button_border_color__hover_enabled=\u00a0\u00bbon|desktop\u00a0\u00bb button_border_color__hover=\u00a0\u00bb#000000&Prime;][\/et_pb_button][\/et_pb_column][et_pb_column type=\u00a0\u00bb3_5&Prime; _builder_version=\u00a0\u00bb4.21.0&Prime; _module_preset=\u00a0\u00bbdefault\u00a0\u00bb global_colors_info=\u00a0\u00bb{}\u00a0\u00bb][et_pb_image src=\u00a0\u00bbhttps:\/\/lacompagniedumochi.com\/wp-content\/uploads\/2023\/12\/Mainmochi2-1.webp\u00a0\u00bb alt=\u00a0\u00bbMochi glac\u00e9 Mangue passion\u00a0\u00bb title_text=\u00a0\u00bbMainmochi2&Prime; src_tablet=\u00a0\u00bb\u00a0\u00bb src_phone=\u00a0\u00bb\u00a0\u00bb src_last_edited=\u00a0\u00bbon|desktop\u00a0\u00bb _builder_version=\u00a0\u00bb4.25.0&Prime; _module_preset=\u00a0\u00bbdefault\u00a0\u00bb transform_origin=\u00a0\u00bb82%|50%\u00a0\u00bb custom_margin=\u00a0\u00bb-80px||||false|false\u00a0\u00bb custom_margin_tablet=\u00a0\u00bb-80px||||false|false\u00a0\u00bb custom_margin_phone=\u00a0\u00bb30px||||false|false\u00a0\u00bb custom_margin_last_edited=\u00a0\u00bbon|phone\u00a0\u00bb animation_style=\u00a0\u00bbslide\u00a0\u00bb animation_direction=\u00a0\u00bbright\u00a0\u00bb global_colors_info=\u00a0\u00bb{}\u00a0\u00bb][\/et_pb_image][\/et_pb_column][\/et_pb_row][\/et_pb_section][et_pb_section fb_built=\u00a0\u00bb1&Prime; _builder_version=\u00a0\u00bb4.21.0&Prime; _module_preset=\u00a0\u00bbdefault\u00a0\u00bb custom_padding=\u00a0\u00bb||50px|||\u00a0\u00bb global_colors_info=\u00a0\u00bb{}\u00a0\u00bb][\/et_pb_section]<\/p>\n","protected":false},"excerpt":{"rendered":"<p>DERNIERES ACTUALIT\u00c9SLa Compagnie du Mochi L&rsquo;envie d&rsquo;y revenirMade in France, le groupe cr\u00e9e la marque LCDM en 2020. Initialement inspir\u00e9 du voyage, mais aussi d\u2019une passion commune pour la gastronomie japonaise, La Compagnie du Mochi refl\u00e8te l\u2019idylle en bouche.Lorsque les premi\u00e8res gammes de mochis sortent sur le march\u00e9, les cr\u00e9ateurs souhaitent transmettre leur amour pour [&hellip;]<\/p>\n","protected":false},"author":2,"featured_media":1775,"parent":0,"menu_order":0,"comment_status":"closed","ping_status":"closed","template":"","meta":{"_et_pb_use_builder":"on","_et_pb_old_content":"","_et_gb_content_width":"","footnotes":""},"class_list":["post-8","page","type-page","status-publish","has-post-thumbnail","hentry"],"yoast_head":"<!-- This site is optimized with the Yoast SEO plugin v27.2 - https:\/\/yoast.com\/product\/yoast-seo-wordpress\/ -->\n<title>La Compagnie du Mochi - Cr\u00e9ateur de mochi glac\u00e9<\/title>\n<meta name=\"description\" content=\"La Compagnie du Mochi vous offre une exp\u00e9rience unique avec ses mochis glac\u00e9. Savourez la fusion du mochi et la douceur de la cr\u00e8me glac\u00e9e.\" \/>\n<meta name=\"robots\" content=\"index, follow, max-snippet:-1, max-image-preview:large, max-video-preview:-1\" \/>\n<link rel=\"canonical\" href=\"https:\/\/lacompagniedumochi.com\/en\/\" \/>\n<meta property=\"og:locale\" content=\"en_US\" \/>\n<meta property=\"og:type\" content=\"article\" \/>\n<meta property=\"og:title\" content=\"La Compagnie du Mochi - Cr\u00e9ateur de mochi glac\u00e9\" \/>\n<meta property=\"og:description\" content=\"La Compagnie du Mochi vous offre une exp\u00e9rience unique avec ses mochis glac\u00e9. Savourez la fusion du mochi et la douceur de la cr\u00e8me glac\u00e9e.\" \/>\n<meta property=\"og:url\" content=\"https:\/\/lacompagniedumochi.com\/en\/\" \/>\n<meta property=\"og:site_name\" content=\"La Compagnie du Mochi\" \/>\n<meta property=\"article:publisher\" content=\"https:\/\/www.facebook.com\/LaCompagnieDuMochiFR\" \/>\n<meta property=\"article:modified_time\" content=\"2026-03-23T12:56:32+00:00\" \/>\n<meta property=\"og:image\" content=\"https:\/\/lacompagniedumochi.com\/wp-content\/uploads\/2023\/12\/Mochimanguepass.webp\" \/>\n\t<meta property=\"og:image:width\" content=\"500\" \/>\n\t<meta property=\"og:image:height\" content=\"500\" \/>\n\t<meta property=\"og:image:type\" content=\"image\/webp\" \/>\n<meta name=\"twitter:card\" content=\"summary_large_image\" \/>\n<meta name=\"twitter:label1\" content=\"Est. reading time\" \/>\n\t<meta name=\"twitter:data1\" content=\"2 minutes\" \/>\n<script type=\"application\/ld+json\" class=\"yoast-schema-graph\">{\"@context\":\"https:\/\/schema.org\",\"@graph\":[{\"@type\":\"WebPage\",\"@id\":\"https:\/\/lacompagniedumochi.com\/\",\"url\":\"https:\/\/lacompagniedumochi.com\/\",\"name\":\"La Compagnie du Mochi - Cr\u00e9ateur de mochi glac\u00e9\",\"isPartOf\":{\"@id\":\"https:\/\/lacompagniedumochi.com\/#website\"},\"primaryImageOfPage\":{\"@id\":\"https:\/\/lacompagniedumochi.com\/#primaryimage\"},\"image\":{\"@id\":\"https:\/\/lacompagniedumochi.com\/#primaryimage\"},\"thumbnailUrl\":\"https:\/\/lacompagniedumochi.com\/wp-content\/uploads\/2023\/12\/Mochimanguepass.webp\",\"datePublished\":\"2023-03-16T16:19:29+00:00\",\"dateModified\":\"2026-03-23T12:56:32+00:00\",\"description\":\"La Compagnie du Mochi vous offre une exp\u00e9rience unique avec ses mochis glac\u00e9. Savourez la fusion du mochi et la douceur de la cr\u00e8me glac\u00e9e.\",\"breadcrumb\":{\"@id\":\"https:\/\/lacompagniedumochi.com\/#breadcrumb\"},\"inLanguage\":\"en-US\",\"potentialAction\":[{\"@type\":\"ReadAction\",\"target\":[\"https:\/\/lacompagniedumochi.com\/\"]}]},{\"@type\":\"ImageObject\",\"inLanguage\":\"en-US\",\"@id\":\"https:\/\/lacompagniedumochi.com\/#primaryimage\",\"url\":\"https:\/\/lacompagniedumochi.com\/wp-content\/uploads\/2023\/12\/Mochimanguepass.webp\",\"contentUrl\":\"https:\/\/lacompagniedumochi.com\/wp-content\/uploads\/2023\/12\/Mochimanguepass.webp\",\"width\":500,\"height\":500},{\"@type\":\"BreadcrumbList\",\"@id\":\"https:\/\/lacompagniedumochi.com\/#breadcrumb\",\"itemListElement\":[{\"@type\":\"ListItem\",\"position\":1,\"name\":\"Accueil\",\"item\":\"https:\/\/lacompagniedumochi.com\/\"},{\"@type\":\"ListItem\",\"position\":2,\"name\":\"ACCUEIL\"}]},{\"@type\":\"WebSite\",\"@id\":\"https:\/\/lacompagniedumochi.com\/#website\",\"url\":\"https:\/\/lacompagniedumochi.com\/\",\"name\":\"La Compagnie du Mochi\",\"description\":\"Le mochi glac\u00e9 made in France\",\"publisher\":{\"@id\":\"https:\/\/lacompagniedumochi.com\/#organization\"},\"potentialAction\":[{\"@type\":\"SearchAction\",\"target\":{\"@type\":\"EntryPoint\",\"urlTemplate\":\"https:\/\/lacompagniedumochi.com\/?s={search_term_string}\"},\"query-input\":{\"@type\":\"PropertyValueSpecification\",\"valueRequired\":true,\"valueName\":\"search_term_string\"}}],\"inLanguage\":\"en-US\"},{\"@type\":\"Organization\",\"@id\":\"https:\/\/lacompagniedumochi.com\/#organization\",\"name\":\"La Compagnie du Mochi\",\"url\":\"https:\/\/lacompagniedumochi.com\/\",\"logo\":{\"@type\":\"ImageObject\",\"inLanguage\":\"en-US\",\"@id\":\"https:\/\/lacompagniedumochi.com\/#\/schema\/logo\/image\/\",\"url\":\"https:\/\/lacompagniedumochi.com\/wp-content\/uploads\/2023\/05\/NOUVEAU-LOGO-LCDM-BLANC.png\",\"contentUrl\":\"https:\/\/lacompagniedumochi.com\/wp-content\/uploads\/2023\/05\/NOUVEAU-LOGO-LCDM-BLANC.png\",\"width\":5755,\"height\":5469,\"caption\":\"La Compagnie du Mochi\"},\"image\":{\"@id\":\"https:\/\/lacompagniedumochi.com\/#\/schema\/logo\/image\/\"},\"sameAs\":[\"https:\/\/www.facebook.com\/LaCompagnieDuMochiFR\"]}]}<\/script>\n<!-- \/ Yoast SEO plugin. -->","yoast_head_json":{"title":"La Compagnie du Mochi - Frozen mochi maker","description":"La Compagnie du Mochi offers you a unique experience with its iced mochi. Enjoy the fusion of mochi and the sweetness of ice cream.","robots":{"index":"index","follow":"follow","max-snippet":"max-snippet:-1","max-image-preview":"max-image-preview:large","max-video-preview":"max-video-preview:-1"},"canonical":"https:\/\/lacompagniedumochi.com\/en\/","og_locale":"en_US","og_type":"article","og_title":"La Compagnie du Mochi - Cr\u00e9ateur de mochi glac\u00e9","og_description":"La Compagnie du Mochi vous offre une exp\u00e9rience unique avec ses mochis glac\u00e9. Savourez la fusion du mochi et la douceur de la cr\u00e8me glac\u00e9e.","og_url":"https:\/\/lacompagniedumochi.com\/en\/","og_site_name":"La Compagnie du Mochi","article_publisher":"https:\/\/www.facebook.com\/LaCompagnieDuMochiFR","article_modified_time":"2026-03-23T12:56:32+00:00","og_image":[{"width":500,"height":500,"url":"https:\/\/lacompagniedumochi.com\/wp-content\/uploads\/2023\/12\/Mochimanguepass.webp","type":"image\/webp"}],"twitter_card":"summary_large_image","twitter_misc":{"Est. reading time":"2 minutes"},"schema":{"@context":"https:\/\/schema.org","@graph":[{"@type":"WebPage","@id":"https:\/\/lacompagniedumochi.com\/","url":"https:\/\/lacompagniedumochi.com\/","name":"La Compagnie du Mochi - Frozen mochi maker","isPartOf":{"@id":"https:\/\/lacompagniedumochi.com\/#website"},"primaryImageOfPage":{"@id":"https:\/\/lacompagniedumochi.com\/#primaryimage"},"image":{"@id":"https:\/\/lacompagniedumochi.com\/#primaryimage"},"thumbnailUrl":"https:\/\/lacompagniedumochi.com\/wp-content\/uploads\/2023\/12\/Mochimanguepass.webp","datePublished":"2023-03-16T16:19:29+00:00","dateModified":"2026-03-23T12:56:32+00:00","description":"La Compagnie du Mochi offers you a unique experience with its iced mochi. Enjoy the fusion of mochi and the sweetness of ice cream.","breadcrumb":{"@id":"https:\/\/lacompagniedumochi.com\/#breadcrumb"},"inLanguage":"en-US","potentialAction":[{"@type":"ReadAction","target":["https:\/\/lacompagniedumochi.com\/"]}]},{"@type":"ImageObject","inLanguage":"en-US","@id":"https:\/\/lacompagniedumochi.com\/#primaryimage","url":"https:\/\/lacompagniedumochi.com\/wp-content\/uploads\/2023\/12\/Mochimanguepass.webp","contentUrl":"https:\/\/lacompagniedumochi.com\/wp-content\/uploads\/2023\/12\/Mochimanguepass.webp","width":500,"height":500},{"@type":"BreadcrumbList","@id":"https:\/\/lacompagniedumochi.com\/#breadcrumb","itemListElement":[{"@type":"ListItem","position":1,"name":"Accueil","item":"https:\/\/lacompagniedumochi.com\/"},{"@type":"ListItem","position":2,"name":"ACCUEIL"}]},{"@type":"WebSite","@id":"https:\/\/lacompagniedumochi.com\/#website","url":"https:\/\/lacompagniedumochi.com\/","name":"La Compagnie du Mochi","description":"Frozen mochi made in France","publisher":{"@id":"https:\/\/lacompagniedumochi.com\/#organization"},"potentialAction":[{"@type":"SearchAction","target":{"@type":"EntryPoint","urlTemplate":"https:\/\/lacompagniedumochi.com\/?s={search_term_string}"},"query-input":{"@type":"PropertyValueSpecification","valueRequired":true,"valueName":"search_term_string"}}],"inLanguage":"en-US"},{"@type":"Organization","@id":"https:\/\/lacompagniedumochi.com\/#organization","name":"La Compagnie du Mochi","url":"https:\/\/lacompagniedumochi.com\/","logo":{"@type":"ImageObject","inLanguage":"en-US","@id":"https:\/\/lacompagniedumochi.com\/#\/schema\/logo\/image\/","url":"https:\/\/lacompagniedumochi.com\/wp-content\/uploads\/2023\/05\/NOUVEAU-LOGO-LCDM-BLANC.png","contentUrl":"https:\/\/lacompagniedumochi.com\/wp-content\/uploads\/2023\/05\/NOUVEAU-LOGO-LCDM-BLANC.png","width":5755,"height":5469,"caption":"La Compagnie du Mochi"},"image":{"@id":"https:\/\/lacompagniedumochi.com\/#\/schema\/logo\/image\/"},"sameAs":["https:\/\/www.facebook.com\/LaCompagnieDuMochiFR"]}]}},"_links":{"self":[{"href":"https:\/\/lacompagniedumochi.com\/en\/wp-json\/wp\/v2\/pages\/8","targetHints":{"allow":["GET"]}}],"collection":[{"href":"https:\/\/lacompagniedumochi.com\/en\/wp-json\/wp\/v2\/pages"}],"about":[{"href":"https:\/\/lacompagniedumochi.com\/en\/wp-json\/wp\/v2\/types\/page"}],"author":[{"embeddable":true,"href":"https:\/\/lacompagniedumochi.com\/en\/wp-json\/wp\/v2\/users\/2"}],"replies":[{"embeddable":true,"href":"https:\/\/lacompagniedumochi.com\/en\/wp-json\/wp\/v2\/comments?post=8"}],"version-history":[{"count":0,"href":"https:\/\/lacompagniedumochi.com\/en\/wp-json\/wp\/v2\/pages\/8\/revisions"}],"wp:featuredmedia":[{"embeddable":true,"href":"https:\/\/lacompagniedumochi.com\/en\/wp-json\/wp\/v2\/media\/1775"}],"wp:attachment":[{"href":"https:\/\/lacompagniedumochi.com\/en\/wp-json\/wp\/v2\/media?parent=8"}],"curies":[{"name":"wp","href":"https:\/\/api.w.org\/{rel}","templated":true}]}}