{"id":134,"date":"2023-05-12T14:21:48","date_gmt":"2023-05-12T12:21:48","guid":{"rendered":"https:\/\/lacompagniedumochi.com\/?page_id=134"},"modified":"2024-01-03T14:16:10","modified_gmt":"2024-01-03T13:16:10","slug":"blog","status":"publish","type":"page","link":"https:\/\/lacompagniedumochi.com\/en\/blog\/","title":{"rendered":"BLOG"},"content":{"rendered":"<p>[et_pb_section fb_built=\u00a0\u00bb1&Prime; _builder_version=\u00a0\u00bb4.21.0&Prime; _module_preset=\u00a0\u00bbdefault\u00a0\u00bb background_color=\u00a0\u00bb#fbfbfb\u00a0\u00bb custom_margin=\u00a0\u00bb90px||||false|false\u00a0\u00bb global_colors_info=\u00a0\u00bb{}\u00a0\u00bb][et_pb_row _builder_version=\u00a0\u00bb4.21.0&Prime; _module_preset=\u00a0\u00bbdefault\u00a0\u00bb custom_margin=\u00a0\u00bb-1px|auto||auto||\u00a0\u00bb global_colors_info=\u00a0\u00bb{}\u00a0\u00bb][et_pb_column type=\u00a0\u00bb4_4&Prime; _builder_version=\u00a0\u00bb4.21.0&Prime; _module_preset=\u00a0\u00bbdefault\u00a0\u00bb global_colors_info=\u00a0\u00bb{}\u00a0\u00bb][et_pb_divider _builder_version=\u00a0\u00bb4.21.0&Prime; _module_preset=\u00a0\u00bbdefault\u00a0\u00bb min_height=\u00a0\u00bb39px\u00a0\u00bb custom_padding=\u00a0\u00bb||0px|||\u00a0\u00bb global_colors_info=\u00a0\u00bb{}\u00a0\u00bb][\/et_pb_divider][\/et_pb_column][\/et_pb_row][et_pb_row _builder_version=\u00a0\u00bb4.21.0&Prime; _module_preset=\u00a0\u00bbdefault\u00a0\u00bb global_colors_info=\u00a0\u00bb{}\u00a0\u00bb][et_pb_column type=\u00a0\u00bb4_4&Prime; _builder_version=\u00a0\u00bb4.21.0&Prime; _module_preset=\u00a0\u00bbdefault\u00a0\u00bb global_colors_info=\u00a0\u00bb{}\u00a0\u00bb][et_pb_text _builder_version=\u00a0\u00bb4.21.0&Prime; _module_preset=\u00a0\u00bbdefault\u00a0\u00bb header_font=\u00a0\u00bbMinion concept bold||||||||\u00a0\u00bb min_height=\u00a0\u00bb137.6px\u00a0\u00bb custom_margin=\u00a0\u00bb||-80px||false|false\u00a0\u00bb custom_margin_tablet=\u00a0\u00bb||-80px||false|false\u00a0\u00bb custom_margin_phone=\u00a0\u00bb||-80px||false|false\u00a0\u00bb custom_margin_last_edited=\u00a0\u00bbon|desktop\u00a0\u00bb global_colors_info=\u00a0\u00bb{}\u00a0\u00bb]<\/p>\n<h1 style=\"text-align: center;\">BLOG<\/h1>\n<p>[\/et_pb_text][et_pb_text _builder_version=\u00a0\u00bb4.21.0&Prime; _module_preset=\u00a0\u00bbdefault\u00a0\u00bb text_font=\u00a0\u00bbAvenir||||||||\u00a0\u00bb module_alignment=\u00a0\u00bbcenter\u00a0\u00bb custom_padding=\u00a0\u00bb|200px||200px|false|true\u00a0\u00bb custom_padding_tablet=\u00a0\u00bb|135px||135px|false|true\u00a0\u00bb custom_padding_phone=\u00a0\u00bb|30px||30px|false|true\u00a0\u00bb custom_padding_last_edited=\u00a0\u00bbon|phone\u00a0\u00bb global_colors_info=\u00a0\u00bb{}\u00a0\u00bb]<\/p>\n<p>D\u00e9couvrez l&rsquo;univers captivant des mochis glac\u00e9s gr\u00e2ce \u00e0 notre blog. Les mochis captivent les papilles et intriguent les amateurs de cuisine du monde entier depuis des si\u00e8cles. C&rsquo;est pourquoi, La Compagnie du Mochi d\u00e9cide de vous en dire d&rsquo;avantage \u00e0 ce propos&#8230;<\/p>\n<p>[\/et_pb_text][\/et_pb_column][\/et_pb_row][et_pb_row _builder_version=\u00a0\u00bb4.21.0&Prime; _module_preset=\u00a0\u00bbdefault\u00a0\u00bb min_height=\u00a0\u00bb431.1px\u00a0\u00bb custom_padding=\u00a0\u00bb56px|||||\u00a0\u00bb global_colors_info=\u00a0\u00bb{}\u00a0\u00bb][et_pb_column type=\u00a0\u00bb4_4&Prime; _builder_version=\u00a0\u00bb4.21.0&Prime; _module_preset=\u00a0\u00bbdefault\u00a0\u00bb global_colors_info=\u00a0\u00bb{}\u00a0\u00bb][et_pb_post_slider posts_number=\u00a0\u00bb3&Prime; show_meta=\u00a0\u00bboff\u00a0\u00bb _builder_version=\u00a0\u00bb4.23.4&Prime; _module_preset=\u00a0\u00bbdefault\u00a0\u00bb background_image=\u00a0\u00bbhttps:\/\/lacompagniedumochi.com\/wp-content\/uploads\/2023\/10\/TROIS-COEURS-COULANTS-scaled-e1697016729259.jpg\u00a0\u00bb min_height=\u00a0\u00bb369.1px\u00a0\u00bb hover_enabled=\u00a0\u00bb0&Prime; global_colors_info=\u00a0\u00bb{}\u00a0\u00bb background__hover_enabled=\u00a0\u00bbon|desktop\u00a0\u00bb box_shadow_style_image=\u00a0\u00bbpreset1&Prime; sticky_enabled=\u00a0\u00bb0&Prime;][\/et_pb_post_slider][\/et_pb_column][\/et_pb_row][et_pb_row _builder_version=\u00a0\u00bb4.21.0&Prime; _module_preset=\u00a0\u00bbdefault\u00a0\u00bb global_colors_info=\u00a0\u00bb{}\u00a0\u00bb][et_pb_column type=\u00a0\u00bb4_4&Prime; _builder_version=\u00a0\u00bb4.21.0&Prime; _module_preset=\u00a0\u00bbdefault\u00a0\u00bb global_colors_info=\u00a0\u00bb{}\u00a0\u00bb][et_pb_blog fullwidth=\u00a0\u00bboff\u00a0\u00bb show_thumbnail=\u00a0\u00bboff\u00a0\u00bb show_more=\u00a0\u00bbon\u00a0\u00bb show_author=\u00a0\u00bboff\u00a0\u00bb show_categories=\u00a0\u00bboff\u00a0\u00bb show_pagination=\u00a0\u00bboff\u00a0\u00bb _builder_version=\u00a0\u00bb4.21.0&Prime; _module_preset=\u00a0\u00bbdefault\u00a0\u00bb header_font=\u00a0\u00bbAvenir Roman||||||||\u00a0\u00bb body_font=\u00a0\u00bbAvenir||||||||\u00a0\u00bb meta_font=\u00a0\u00bbAvenir||||||||\u00a0\u00bb read_more_font=\u00a0\u00bbAvenir|||on|||||\u00a0\u00bb read_more_line_height=\u00a0\u00bb2.5em\u00a0\u00bb global_colors_info=\u00a0\u00bb{}\u00a0\u00bb][\/et_pb_blog][\/et_pb_column][\/et_pb_row][\/et_pb_section]<\/p>\n","protected":false},"excerpt":{"rendered":"<p>BLOGDiscover the captivating world of iced mochi with our blog. Mochi have captivated taste buds and intrigued food lovers the world over for centuries. That's why La Compagnie du Mochi decided to tell you more about them...<\/p>","protected":false},"author":2,"featured_media":0,"parent":0,"menu_order":0,"comment_status":"closed","ping_status":"closed","template":"","meta":{"_et_pb_use_builder":"on","_et_pb_old_content":"","_et_gb_content_width":"","footnotes":""},"class_list":["post-134","page","type-page","status-publish","hentry"],"yoast_head":"<!-- This site is optimized with the Yoast SEO plugin v27.2 - https:\/\/yoast.com\/product\/yoast-seo-wordpress\/ -->\n<title>La Compagnie du Mochi - Qu&#039;est ce qu&#039;un Mochi glac\u00e9 ?<\/title>\n<meta name=\"description\" content=\"En savoir plus \u00e0 propos du mochi glac\u00e9. Qu&#039;est-ce qu&#039;un mochi glac\u00e9 ? Comment est-il apparu ? La Compagnie du Mochi vous d\u00e9voile tout !\" \/>\n<meta name=\"robots\" content=\"index, follow, max-snippet:-1, max-image-preview:large, max-video-preview:-1\" \/>\n<link rel=\"canonical\" href=\"https:\/\/lacompagniedumochi.com\/en\/blog\/\" \/>\n<meta property=\"og:locale\" content=\"en_US\" \/>\n<meta property=\"og:type\" content=\"article\" \/>\n<meta property=\"og:title\" content=\"La Compagnie du Mochi - Qu&#039;est ce qu&#039;un Mochi glac\u00e9 ?\" \/>\n<meta property=\"og:description\" content=\"En savoir plus \u00e0 propos du mochi glac\u00e9. Qu&#039;est-ce qu&#039;un mochi glac\u00e9 ? Comment est-il apparu ? La Compagnie du Mochi vous d\u00e9voile tout !\" \/>\n<meta property=\"og:url\" content=\"https:\/\/lacompagniedumochi.com\/en\/blog\/\" \/>\n<meta property=\"og:site_name\" content=\"La Compagnie du Mochi\" \/>\n<meta property=\"article:publisher\" content=\"https:\/\/www.facebook.com\/LaCompagnieDuMochiFR\" \/>\n<meta property=\"article:modified_time\" content=\"2024-01-03T13:16:10+00:00\" \/>\n<meta name=\"twitter:card\" content=\"summary_large_image\" \/>\n<meta name=\"twitter:label1\" content=\"Est. reading time\" \/>\n\t<meta name=\"twitter:data1\" content=\"1 minute\" \/>\n<script type=\"application\/ld+json\" class=\"yoast-schema-graph\">{\"@context\":\"https:\/\/schema.org\",\"@graph\":[{\"@type\":\"WebPage\",\"@id\":\"https:\/\/lacompagniedumochi.com\/blog\/\",\"url\":\"https:\/\/lacompagniedumochi.com\/blog\/\",\"name\":\"La Compagnie du Mochi - Qu'est ce qu'un Mochi glac\u00e9 ?\",\"isPartOf\":{\"@id\":\"https:\/\/lacompagniedumochi.com\/#website\"},\"datePublished\":\"2023-05-12T12:21:48+00:00\",\"dateModified\":\"2024-01-03T13:16:10+00:00\",\"description\":\"En savoir plus \u00e0 propos du mochi glac\u00e9. Qu'est-ce qu'un mochi glac\u00e9 ? Comment est-il apparu ? La Compagnie du Mochi vous d\u00e9voile tout !\",\"breadcrumb\":{\"@id\":\"https:\/\/lacompagniedumochi.com\/blog\/#breadcrumb\"},\"inLanguage\":\"en-US\",\"potentialAction\":[{\"@type\":\"ReadAction\",\"target\":[\"https:\/\/lacompagniedumochi.com\/blog\/\"]}]},{\"@type\":\"BreadcrumbList\",\"@id\":\"https:\/\/lacompagniedumochi.com\/blog\/#breadcrumb\",\"itemListElement\":[{\"@type\":\"ListItem\",\"position\":1,\"name\":\"Accueil\",\"item\":\"https:\/\/lacompagniedumochi.com\/\"},{\"@type\":\"ListItem\",\"position\":2,\"name\":\"BLOG\"}]},{\"@type\":\"WebSite\",\"@id\":\"https:\/\/lacompagniedumochi.com\/#website\",\"url\":\"https:\/\/lacompagniedumochi.com\/\",\"name\":\"La Compagnie du Mochi\",\"description\":\"Le mochi glac\u00e9 made in France\",\"publisher\":{\"@id\":\"https:\/\/lacompagniedumochi.com\/#organization\"},\"potentialAction\":[{\"@type\":\"SearchAction\",\"target\":{\"@type\":\"EntryPoint\",\"urlTemplate\":\"https:\/\/lacompagniedumochi.com\/?s={search_term_string}\"},\"query-input\":{\"@type\":\"PropertyValueSpecification\",\"valueRequired\":true,\"valueName\":\"search_term_string\"}}],\"inLanguage\":\"en-US\"},{\"@type\":\"Organization\",\"@id\":\"https:\/\/lacompagniedumochi.com\/#organization\",\"name\":\"La Compagnie du Mochi\",\"url\":\"https:\/\/lacompagniedumochi.com\/\",\"logo\":{\"@type\":\"ImageObject\",\"inLanguage\":\"en-US\",\"@id\":\"https:\/\/lacompagniedumochi.com\/#\/schema\/logo\/image\/\",\"url\":\"https:\/\/lacompagniedumochi.com\/wp-content\/uploads\/2023\/05\/NOUVEAU-LOGO-LCDM-BLANC.png\",\"contentUrl\":\"https:\/\/lacompagniedumochi.com\/wp-content\/uploads\/2023\/05\/NOUVEAU-LOGO-LCDM-BLANC.png\",\"width\":5755,\"height\":5469,\"caption\":\"La Compagnie du Mochi\"},\"image\":{\"@id\":\"https:\/\/lacompagniedumochi.com\/#\/schema\/logo\/image\/\"},\"sameAs\":[\"https:\/\/www.facebook.com\/LaCompagnieDuMochiFR\"]}]}<\/script>\n<!-- \/ Yoast SEO plugin. -->","yoast_head_json":{"title":"La Compagnie du Mochi - What is an iced Mochi?","description":"Find out more about iced mochi. What is iced mochi? How did it come about? La Compagnie du Mochi tells you all about it!","robots":{"index":"index","follow":"follow","max-snippet":"max-snippet:-1","max-image-preview":"max-image-preview:large","max-video-preview":"max-video-preview:-1"},"canonical":"https:\/\/lacompagniedumochi.com\/en\/blog\/","og_locale":"en_US","og_type":"article","og_title":"La Compagnie du Mochi - Qu'est ce qu'un Mochi glac\u00e9 ?","og_description":"En savoir plus \u00e0 propos du mochi glac\u00e9. Qu'est-ce qu'un mochi glac\u00e9 ? Comment est-il apparu ? La Compagnie du Mochi vous d\u00e9voile tout !","og_url":"https:\/\/lacompagniedumochi.com\/en\/blog\/","og_site_name":"La Compagnie du Mochi","article_publisher":"https:\/\/www.facebook.com\/LaCompagnieDuMochiFR","article_modified_time":"2024-01-03T13:16:10+00:00","twitter_card":"summary_large_image","twitter_misc":{"Est. reading time":"1 minute"},"schema":{"@context":"https:\/\/schema.org","@graph":[{"@type":"WebPage","@id":"https:\/\/lacompagniedumochi.com\/blog\/","url":"https:\/\/lacompagniedumochi.com\/blog\/","name":"La Compagnie du Mochi - What is an iced Mochi?","isPartOf":{"@id":"https:\/\/lacompagniedumochi.com\/#website"},"datePublished":"2023-05-12T12:21:48+00:00","dateModified":"2024-01-03T13:16:10+00:00","description":"Find out more about iced mochi. What is iced mochi? How did it come about? La Compagnie du Mochi tells you all about it!","breadcrumb":{"@id":"https:\/\/lacompagniedumochi.com\/blog\/#breadcrumb"},"inLanguage":"en-US","potentialAction":[{"@type":"ReadAction","target":["https:\/\/lacompagniedumochi.com\/blog\/"]}]},{"@type":"BreadcrumbList","@id":"https:\/\/lacompagniedumochi.com\/blog\/#breadcrumb","itemListElement":[{"@type":"ListItem","position":1,"name":"Accueil","item":"https:\/\/lacompagniedumochi.com\/"},{"@type":"ListItem","position":2,"name":"BLOG"}]},{"@type":"WebSite","@id":"https:\/\/lacompagniedumochi.com\/#website","url":"https:\/\/lacompagniedumochi.com\/","name":"La Compagnie du Mochi","description":"Frozen mochi made in France","publisher":{"@id":"https:\/\/lacompagniedumochi.com\/#organization"},"potentialAction":[{"@type":"SearchAction","target":{"@type":"EntryPoint","urlTemplate":"https:\/\/lacompagniedumochi.com\/?s={search_term_string}"},"query-input":{"@type":"PropertyValueSpecification","valueRequired":true,"valueName":"search_term_string"}}],"inLanguage":"en-US"},{"@type":"Organization","@id":"https:\/\/lacompagniedumochi.com\/#organization","name":"La Compagnie du Mochi","url":"https:\/\/lacompagniedumochi.com\/","logo":{"@type":"ImageObject","inLanguage":"en-US","@id":"https:\/\/lacompagniedumochi.com\/#\/schema\/logo\/image\/","url":"https:\/\/lacompagniedumochi.com\/wp-content\/uploads\/2023\/05\/NOUVEAU-LOGO-LCDM-BLANC.png","contentUrl":"https:\/\/lacompagniedumochi.com\/wp-content\/uploads\/2023\/05\/NOUVEAU-LOGO-LCDM-BLANC.png","width":5755,"height":5469,"caption":"La Compagnie du Mochi"},"image":{"@id":"https:\/\/lacompagniedumochi.com\/#\/schema\/logo\/image\/"},"sameAs":["https:\/\/www.facebook.com\/LaCompagnieDuMochiFR"]}]}},"_links":{"self":[{"href":"https:\/\/lacompagniedumochi.com\/en\/wp-json\/wp\/v2\/pages\/134","targetHints":{"allow":["GET"]}}],"collection":[{"href":"https:\/\/lacompagniedumochi.com\/en\/wp-json\/wp\/v2\/pages"}],"about":[{"href":"https:\/\/lacompagniedumochi.com\/en\/wp-json\/wp\/v2\/types\/page"}],"author":[{"embeddable":true,"href":"https:\/\/lacompagniedumochi.com\/en\/wp-json\/wp\/v2\/users\/2"}],"replies":[{"embeddable":true,"href":"https:\/\/lacompagniedumochi.com\/en\/wp-json\/wp\/v2\/comments?post=134"}],"version-history":[{"count":0,"href":"https:\/\/lacompagniedumochi.com\/en\/wp-json\/wp\/v2\/pages\/134\/revisions"}],"wp:attachment":[{"href":"https:\/\/lacompagniedumochi.com\/en\/wp-json\/wp\/v2\/media?parent=134"}],"curies":[{"name":"wp","href":"https:\/\/api.w.org\/{rel}","templated":true}]}}